{"id":389,"date":"2019-01-07T13:41:44","date_gmt":"2019-01-07T13:41:44","guid":{"rendered":"https:\/\/www.sidwaya.info\/numerique\/?page_id=389"},"modified":"2019-11-18T15:45:12","modified_gmt":"2019-11-18T15:45:12","slug":"sidwaya-page-niveaux-dadhesion","status":"publish","type":"page","link":"https:\/\/www.sidwaya.info\/numerique\/sidwaya-page-niveaux-dadhesion\/","title":{"rendered":"Sidwaya page niveaux d&rsquo;adh\u00e9sion"},"content":{"rendered":"<h2 style=\"text-align: center;\"><strong><span style=\"color: #000080;\">Ce contenu est r\u00e9serv\u00e9 aux abonn\u00e9s du site.<\/span><\/strong><\/h2>\r\n<h4 style=\"text-align: center;\">Veuillez vous connecter ou vous abonner pour acc\u00e9der au contenu<\/h4>\r\n\r\n  <!-- Login Form - Start -->\r\n  <div class=\"ihc-login-form-wrap ihc-login-template-12\">\r\n      <form method=\"post\" id=\"ihc_login_form\">\r\n          <input type=\"hidden\" name=\"ihcaction\" value=\"login\" \/>\r\n          <input type=\"hidden\" name=\"ihc_login_nonce\" value=\"39fe2c8c6a\" \/>\r\n\r\n          \r\n                    <!-- Username field -->\r\n          <div class=\"impu-form-line-fr\">\r\n              <i class=\"fa-ihc fa-username-ihc\"><\/i>\r\n              <input type=\"text\" value=\"\" name=\"log\" id=\"iump_login_username\" placeholder=\"Nom d&#039;utilisateur\"\/>\r\n          <\/div>\r\n          <!-- End of username field -->\r\n          \r\n                    <!-- Password field -->\r\n          <div class=\"impu-form-line-fr\">\r\n              <i class=\"fa-ihc fa-pass-ihc\"><\/i>\r\n              <input type=\"password\" value=\"\" name=\"pwd\" id=\"iump_login_password\" placeholder=\"Mot de passe\"\/>\r\n              <span  class=\"ihc-hide-login-pw hide-if-no-js\" data-toggle=\"0\" aria-label=\"Show password\">\r\n              <span class=\"dashicons dashicons-visibility\" aria-hidden=\"true\"><\/span>\r\n                <\/span>\r\n          <\/div>\r\n          <!-- End of Password field -->\r\n          \r\n          \r\n          <!-- Remember me checkbox -->\r\n                    <div class=\"impu-remember-wrapper\">\r\n              <input type=\"checkbox\" value=\"forever\" name=\"rememberme\" class=\"impu-form-input-remember\" \/>\r\n              <span class=\"impu-form-label-remember\">Se souvenir de moi<\/span>\r\n          <\/div>\r\n                    <!-- End of remember me --->\r\n\r\n          <!-- Additional links -->\r\n                        <div class=\"impu-form-links-pass\"><a href=\"https:\/\/www.sidwaya.info\/numerique\/sidwaya-page-de-recuperation-de-mot-de-passe\/\">Mot de passe oubli\u00e9 ?<\/a><\/div>\r\n                    <!-- End of Aditional links -->\r\n\r\n          <div class=\"ihc-clear\"><\/div>\r\n\r\n          <!-- captcha -->\r\n                                <div class=\"g-recaptcha-wrapper\" class=\"\">\r\n        <div class=\"g-recaptcha\" data-sitekey=\"6Lfck44UAAAAAHwdr_Qyj1_UrICnmTXyBV4XKroK\"><\/div>\r\n    <\/div>\r\n                    <!-- end of captcha -->\r\n\r\n          <!-- Submit bttn -->\r\n                        <div class=\"impu-form-line-fr impu-form-submit\">\r\n                  <input type=\"submit\" value=\"Se connecter\" name=\"Submit\"  class=\"button button-primary button-large\"\/>\r\n              <\/div>\r\n                    <!-- End of Submit bttn -->\r\n\r\n\r\n                    <!-- Social -->\r\n                                        <!-- End of Social -->\r\n\r\n          <!-- Additional links -->\r\n                        <div class=\"impu-form-links\">\r\n                <div class=\"impu-form-links-reg\">Vous n&#039;avez pas de compte ? <a href=\"https:\/\/www.sidwaya.info\/numerique\/sidwaya-page-denregistrement\/\">Registre<\/a><\/div>\r\n              <\/div>\r\n                        <!-- End of Aditional links -->\r\n\r\n      <\/form>\r\n  <\/div>\r\n\r\n  \r\n  <span class='ihc-js-login-data'\tdata-user_field='#iump_login_username' data-password_field='#iump_login_password' data-error_message='S\\'il-vous-pla\u00eet compl\u00e9tez tous les champs requis!' ><\/span>\r\n  <!-- End of Login Form -->\r\n\r\n<div class=\"vc_column tdi_2  wpb_column vc_column_container tdc-column\">\n<style scoped>\n\/* custom css - generated by TagDiv Composer *\/\n\n\/* custom css - generated by TagDiv Composer *\/\n.tdi_2{\r\n                    vertical-align: baseline;\r\n                }.tdi_2 > .wpb_wrapper,\r\n\t\t\t\t.tdi_2 > .wpb_wrapper > .tdc-elements{\r\n\t\t\t\t    display: block;\r\n\t\t\t\t}.tdi_2 > .wpb_wrapper > .tdc-elements{\r\n\t\t\t\t    width: 100%;\r\n\t\t\t\t}.tdi_2 > .wpb_wrapper > .vc_row_inner{\r\n\t\t\t\t    width: auto;\r\n\t\t\t\t}.tdi_2 > .wpb_wrapper{\r\n\t\t\t\t    width: auto;\r\n\t\t\t\t    height: auto;\r\n\t\t\t\t}\n<\/style><div class=\"wpb_wrapper\" ><\/div><\/div><div id=\"tdi_3\" class=\"tdc-row\"><div class=\"vc_row tdi_4  wpb_row td-pb-row\" >\n<style scoped>\n\/* custom css - generated by TagDiv Composer *\/\n\n\/* custom css - generated by TagDiv Composer *\/\n.tdi_4,\r\n                .tdi_4 .tdc-columns{\r\n                    min-height: 0;\r\n                }.tdi_4,\r\n\t\t\t\t.tdi_4 .tdc-columns{\r\n\t\t\t\t    display: block;\r\n\t\t\t\t}.tdi_4 .tdc-columns{\r\n\t\t\t\t    width: 100%;\r\n\t\t\t\t}.tdi_4:before,\r\n\t\t\t\t.tdi_4:after{\r\n\t\t\t\t    display: table;\r\n\t\t\t\t}\n<\/style><div class=\"vc_column tdi_6  wpb_column vc_column_container tdc-column td-pb-span12\">\n<style scoped>\n\/* custom css - generated by TagDiv Composer *\/\n\n\/* custom css - generated by TagDiv Composer *\/\n.tdi_6{\r\n                    vertical-align: baseline;\r\n                }.tdi_6 > .wpb_wrapper,\r\n\t\t\t\t.tdi_6 > .wpb_wrapper > .tdc-elements{\r\n\t\t\t\t    display: block;\r\n\t\t\t\t}.tdi_6 > .wpb_wrapper > .tdc-elements{\r\n\t\t\t\t    width: 100%;\r\n\t\t\t\t}.tdi_6 > .wpb_wrapper > .vc_row_inner{\r\n\t\t\t\t    width: auto;\r\n\t\t\t\t}.tdi_6 > .wpb_wrapper{\r\n\t\t\t\t    width: auto;\r\n\t\t\t\t    height: auto;\r\n\t\t\t\t}\n<\/style><div class=\"wpb_wrapper\" ><div class=\"wpb_wrapper wpb_text_column td_block_wrap td_block_wrap vc_column_text tdi_7  tagdiv-type td-pb-border-top td_block_template_1\"  data-td-block-uid=\"tdi_7\" >\n<style>\n\/* custom css - generated by TagDiv Composer *\/\n.vc_column_text > .td-element-style{\r\n\t\t\t\t\tz-index: -1;\r\n\t\t\t\t}\n<\/style><div class=\"td-fix-index\"><h3 style=\"text-align: center;\"><strong><span style=\"color: #ff6600;\">Vous pouvez choisir votre formule d&rsquo;abonnement<\/span><\/strong><\/h3>\n<div class=\"ich_level_wrap ihc_level_template_7\"><div class=\"ihc-level-item\"><div class=\"ihc-level-item-wrap\"><div class=\"ihc-level-item-top\"><div class=\"ihc-level-item-title\">Abonnement gratuit<\/div><\/div><div class=\"ihc-level-item-price\">00 F CFA<\/div><div class=\"ihc-level-item-content\"><img data-recalc-dims=\"1\" loading=\"lazy\" decoding=\"async\" data-attachment-id=\"3514\" data-permalink=\"https:\/\/www.sidwaya.info\/numerique\/2020\/04\/19\/sidwaya-du-20-04-2020\/une-du-20-4-2020\/\" data-orig-file=\"https:\/\/i0.wp.com\/www.sidwaya.info\/numerique\/wp-content\/uploads\/sites\/7\/2020\/04\/une-du-20-4-2020.jpg?fit=383%2C520&amp;ssl=1\" data-orig-size=\"383,520\" data-comments-opened=\"1\" data-image-meta=\"{&quot;aperture&quot;:&quot;0&quot;,&quot;credit&quot;:&quot;&quot;,&quot;camera&quot;:&quot;&quot;,&quot;caption&quot;:&quot;&quot;,&quot;created_timestamp&quot;:&quot;0&quot;,&quot;copyright&quot;:&quot;&quot;,&quot;focal_length&quot;:&quot;0&quot;,&quot;iso&quot;:&quot;0&quot;,&quot;shutter_speed&quot;:&quot;0&quot;,&quot;title&quot;:&quot;&quot;,&quot;orientation&quot;:&quot;0&quot;}\" data-image-title=\"une-du-20-4-2020\" data-image-description=\"\" data-image-caption=\"\" data-medium-file=\"https:\/\/i0.wp.com\/www.sidwaya.info\/numerique\/wp-content\/uploads\/sites\/7\/2020\/04\/une-du-20-4-2020.jpg?fit=221%2C300&amp;ssl=1\" data-large-file=\"https:\/\/i0.wp.com\/www.sidwaya.info\/numerique\/wp-content\/uploads\/sites\/7\/2020\/04\/une-du-20-4-2020.jpg?fit=383%2C520&amp;ssl=1\" class=\"aligncenter size-full wp-image-3514\" src=\"https:\/\/i0.wp.com\/www.sidwaya.info\/numerique\/wp-content\/uploads\/sites\/7\/2020\/04\/une-du-20-4-2020.jpg?resize=383%2C520&#038;ssl=1\" alt=\"\" width=\"383\" height=\"520\" srcset=\"https:\/\/i0.wp.com\/www.sidwaya.info\/numerique\/wp-content\/uploads\/sites\/7\/2020\/04\/une-du-20-4-2020.jpg?w=383&amp;ssl=1 383w, https:\/\/i0.wp.com\/www.sidwaya.info\/numerique\/wp-content\/uploads\/sites\/7\/2020\/04\/une-du-20-4-2020.jpg?resize=221%2C300&amp;ssl=1 221w\" sizes=\"auto, (max-width: 383px) 100vw, 383px\" \/><\/div><div class=\"ihc-level-item-bottom\"><div onClick=\"ihcBuyNewLevel('https:\/\/www.sidwaya.info\/numerique\/sidwaya-page-denregistrement\/?lid=4');\" class=\"ihc-level-item-link  ihc-cursor-pointer\">Souscrire<\/div><div class=\"iump-clear\"><\/div><\/div><\/div><\/div><div class=\"ihc-level-item\"><div class=\"ihc-level-item-wrap\"><div class=\"ihc-level-item-top\"><div class=\"ihc-level-item-title\">Abonnement mensuel <\/div><\/div><div class=\"ihc-level-item-price\">10 000 FCFA<\/div><div class=\"ihc-level-item-content\"><img data-recalc-dims=\"1\" loading=\"lazy\" decoding=\"async\" data-attachment-id=\"3514\" data-permalink=\"https:\/\/www.sidwaya.info\/numerique\/2020\/04\/19\/sidwaya-du-20-04-2020\/une-du-20-4-2020\/\" data-orig-file=\"https:\/\/i0.wp.com\/www.sidwaya.info\/numerique\/wp-content\/uploads\/sites\/7\/2020\/04\/une-du-20-4-2020.jpg?fit=383%2C520&amp;ssl=1\" data-orig-size=\"383,520\" data-comments-opened=\"1\" data-image-meta=\"{&quot;aperture&quot;:&quot;0&quot;,&quot;credit&quot;:&quot;&quot;,&quot;camera&quot;:&quot;&quot;,&quot;caption&quot;:&quot;&quot;,&quot;created_timestamp&quot;:&quot;0&quot;,&quot;copyright&quot;:&quot;&quot;,&quot;focal_length&quot;:&quot;0&quot;,&quot;iso&quot;:&quot;0&quot;,&quot;shutter_speed&quot;:&quot;0&quot;,&quot;title&quot;:&quot;&quot;,&quot;orientation&quot;:&quot;0&quot;}\" data-image-title=\"une-du-20-4-2020\" data-image-description=\"\" data-image-caption=\"\" data-medium-file=\"https:\/\/i0.wp.com\/www.sidwaya.info\/numerique\/wp-content\/uploads\/sites\/7\/2020\/04\/une-du-20-4-2020.jpg?fit=221%2C300&amp;ssl=1\" data-large-file=\"https:\/\/i0.wp.com\/www.sidwaya.info\/numerique\/wp-content\/uploads\/sites\/7\/2020\/04\/une-du-20-4-2020.jpg?fit=383%2C520&amp;ssl=1\" class=\"aligncenter size-full wp-image-3514\" src=\"https:\/\/i0.wp.com\/www.sidwaya.info\/numerique\/wp-content\/uploads\/sites\/7\/2020\/04\/une-du-20-4-2020.jpg?resize=383%2C520&#038;ssl=1\" alt=\"\" width=\"383\" height=\"520\" srcset=\"https:\/\/i0.wp.com\/www.sidwaya.info\/numerique\/wp-content\/uploads\/sites\/7\/2020\/04\/une-du-20-4-2020.jpg?w=383&amp;ssl=1 383w, https:\/\/i0.wp.com\/www.sidwaya.info\/numerique\/wp-content\/uploads\/sites\/7\/2020\/04\/une-du-20-4-2020.jpg?resize=221%2C300&amp;ssl=1 221w\" sizes=\"auto, (max-width: 383px) 100vw, 383px\" \/><\/div><div class=\"ihc-level-item-bottom\"><div onClick=\"ihcBuyNewLevel('https:\/\/www.sidwaya.info\/numerique\/sidwaya-page-denregistrement\/?lid=6');\" class=\"ihc-level-item-link  ihc-cursor-pointer\">Souscrire<\/div><div class=\"iump-clear\"><\/div><\/div><\/div><\/div><div class=\"ihc-level-item\"><div class=\"ihc-level-item-wrap\"><div class=\"ihc-level-item-top\"><div class=\"ihc-level-item-title\">Abonnement trimestriel<\/div><\/div><div class=\"ihc-level-item-price\">15 000 FCFA<\/div><div class=\"ihc-level-item-content\"><img data-recalc-dims=\"1\" loading=\"lazy\" decoding=\"async\" data-attachment-id=\"3514\" data-permalink=\"https:\/\/www.sidwaya.info\/numerique\/2020\/04\/19\/sidwaya-du-20-04-2020\/une-du-20-4-2020\/\" data-orig-file=\"https:\/\/i0.wp.com\/www.sidwaya.info\/numerique\/wp-content\/uploads\/sites\/7\/2020\/04\/une-du-20-4-2020.jpg?fit=383%2C520&amp;ssl=1\" data-orig-size=\"383,520\" data-comments-opened=\"1\" data-image-meta=\"{&quot;aperture&quot;:&quot;0&quot;,&quot;credit&quot;:&quot;&quot;,&quot;camera&quot;:&quot;&quot;,&quot;caption&quot;:&quot;&quot;,&quot;created_timestamp&quot;:&quot;0&quot;,&quot;copyright&quot;:&quot;&quot;,&quot;focal_length&quot;:&quot;0&quot;,&quot;iso&quot;:&quot;0&quot;,&quot;shutter_speed&quot;:&quot;0&quot;,&quot;title&quot;:&quot;&quot;,&quot;orientation&quot;:&quot;0&quot;}\" data-image-title=\"une-du-20-4-2020\" data-image-description=\"\" data-image-caption=\"\" data-medium-file=\"https:\/\/i0.wp.com\/www.sidwaya.info\/numerique\/wp-content\/uploads\/sites\/7\/2020\/04\/une-du-20-4-2020.jpg?fit=221%2C300&amp;ssl=1\" data-large-file=\"https:\/\/i0.wp.com\/www.sidwaya.info\/numerique\/wp-content\/uploads\/sites\/7\/2020\/04\/une-du-20-4-2020.jpg?fit=383%2C520&amp;ssl=1\" class=\"aligncenter size-full wp-image-3514\" src=\"https:\/\/i0.wp.com\/www.sidwaya.info\/numerique\/wp-content\/uploads\/sites\/7\/2020\/04\/une-du-20-4-2020.jpg?resize=383%2C520&#038;ssl=1\" alt=\"\" width=\"383\" height=\"520\" srcset=\"https:\/\/i0.wp.com\/www.sidwaya.info\/numerique\/wp-content\/uploads\/sites\/7\/2020\/04\/une-du-20-4-2020.jpg?w=383&amp;ssl=1 383w, https:\/\/i0.wp.com\/www.sidwaya.info\/numerique\/wp-content\/uploads\/sites\/7\/2020\/04\/une-du-20-4-2020.jpg?resize=221%2C300&amp;ssl=1 221w\" sizes=\"auto, (max-width: 383px) 100vw, 383px\" \/><\/div><div class=\"ihc-level-item-bottom\"><div onClick=\"ihcBuyNewLevel('https:\/\/www.sidwaya.info\/numerique\/sidwaya-page-denregistrement\/?lid=7');\" class=\"ihc-level-item-link  ihc-cursor-pointer\">Souscrire<\/div><div class=\"iump-clear\"><\/div><\/div><\/div><\/div><div class=\"ihc-level-item\"><div class=\"ihc-level-item-wrap\"><div class=\"ihc-level-item-top\"><div class=\"ihc-level-item-title\">Abonnement semestriel<\/div><\/div><div class=\"ihc-level-item-price\">25 000 FCFA<\/div><div class=\"ihc-level-item-content\"><img data-recalc-dims=\"1\" loading=\"lazy\" decoding=\"async\" data-attachment-id=\"3514\" data-permalink=\"https:\/\/www.sidwaya.info\/numerique\/2020\/04\/19\/sidwaya-du-20-04-2020\/une-du-20-4-2020\/\" data-orig-file=\"https:\/\/i0.wp.com\/www.sidwaya.info\/numerique\/wp-content\/uploads\/sites\/7\/2020\/04\/une-du-20-4-2020.jpg?fit=383%2C520&amp;ssl=1\" data-orig-size=\"383,520\" data-comments-opened=\"1\" data-image-meta=\"{&quot;aperture&quot;:&quot;0&quot;,&quot;credit&quot;:&quot;&quot;,&quot;camera&quot;:&quot;&quot;,&quot;caption&quot;:&quot;&quot;,&quot;created_timestamp&quot;:&quot;0&quot;,&quot;copyright&quot;:&quot;&quot;,&quot;focal_length&quot;:&quot;0&quot;,&quot;iso&quot;:&quot;0&quot;,&quot;shutter_speed&quot;:&quot;0&quot;,&quot;title&quot;:&quot;&quot;,&quot;orientation&quot;:&quot;0&quot;}\" data-image-title=\"une-du-20-4-2020\" data-image-description=\"\" data-image-caption=\"\" data-medium-file=\"https:\/\/i0.wp.com\/www.sidwaya.info\/numerique\/wp-content\/uploads\/sites\/7\/2020\/04\/une-du-20-4-2020.jpg?fit=221%2C300&amp;ssl=1\" data-large-file=\"https:\/\/i0.wp.com\/www.sidwaya.info\/numerique\/wp-content\/uploads\/sites\/7\/2020\/04\/une-du-20-4-2020.jpg?fit=383%2C520&amp;ssl=1\" class=\"aligncenter size-full wp-image-3514\" src=\"https:\/\/i0.wp.com\/www.sidwaya.info\/numerique\/wp-content\/uploads\/sites\/7\/2020\/04\/une-du-20-4-2020.jpg?resize=383%2C520&#038;ssl=1\" alt=\"\" width=\"383\" height=\"520\" srcset=\"https:\/\/i0.wp.com\/www.sidwaya.info\/numerique\/wp-content\/uploads\/sites\/7\/2020\/04\/une-du-20-4-2020.jpg?w=383&amp;ssl=1 383w, https:\/\/i0.wp.com\/www.sidwaya.info\/numerique\/wp-content\/uploads\/sites\/7\/2020\/04\/une-du-20-4-2020.jpg?resize=221%2C300&amp;ssl=1 221w\" sizes=\"auto, (max-width: 383px) 100vw, 383px\" \/><\/div><div class=\"ihc-level-item-bottom\"><div onClick=\"ihcBuyNewLevel('https:\/\/www.sidwaya.info\/numerique\/sidwaya-page-denregistrement\/?lid=3');\" class=\"ihc-level-item-link  ihc-cursor-pointer\">Souscrire<\/div><div class=\"iump-clear\"><\/div><\/div><\/div><\/div><div class=\"ihc-level-item\"><div class=\"ihc-level-item-wrap\"><div class=\"ihc-level-item-top\"><div class=\"ihc-level-item-title\">Abonnement annuel<\/div><\/div><div class=\"ihc-level-item-price\">45 000 FCFA<\/div><div class=\"ihc-level-item-content\"><img data-recalc-dims=\"1\" loading=\"lazy\" decoding=\"async\" data-attachment-id=\"3514\" data-permalink=\"https:\/\/www.sidwaya.info\/numerique\/2020\/04\/19\/sidwaya-du-20-04-2020\/une-du-20-4-2020\/\" data-orig-file=\"https:\/\/i0.wp.com\/www.sidwaya.info\/numerique\/wp-content\/uploads\/sites\/7\/2020\/04\/une-du-20-4-2020.jpg?fit=383%2C520&amp;ssl=1\" data-orig-size=\"383,520\" data-comments-opened=\"1\" data-image-meta=\"{&quot;aperture&quot;:&quot;0&quot;,&quot;credit&quot;:&quot;&quot;,&quot;camera&quot;:&quot;&quot;,&quot;caption&quot;:&quot;&quot;,&quot;created_timestamp&quot;:&quot;0&quot;,&quot;copyright&quot;:&quot;&quot;,&quot;focal_length&quot;:&quot;0&quot;,&quot;iso&quot;:&quot;0&quot;,&quot;shutter_speed&quot;:&quot;0&quot;,&quot;title&quot;:&quot;&quot;,&quot;orientation&quot;:&quot;0&quot;}\" data-image-title=\"une-du-20-4-2020\" data-image-description=\"\" data-image-caption=\"\" data-medium-file=\"https:\/\/i0.wp.com\/www.sidwaya.info\/numerique\/wp-content\/uploads\/sites\/7\/2020\/04\/une-du-20-4-2020.jpg?fit=221%2C300&amp;ssl=1\" data-large-file=\"https:\/\/i0.wp.com\/www.sidwaya.info\/numerique\/wp-content\/uploads\/sites\/7\/2020\/04\/une-du-20-4-2020.jpg?fit=383%2C520&amp;ssl=1\" class=\"aligncenter size-full wp-image-3514\" src=\"https:\/\/i0.wp.com\/www.sidwaya.info\/numerique\/wp-content\/uploads\/sites\/7\/2020\/04\/une-du-20-4-2020.jpg?resize=383%2C520&#038;ssl=1\" alt=\"\" width=\"383\" height=\"520\" srcset=\"https:\/\/i0.wp.com\/www.sidwaya.info\/numerique\/wp-content\/uploads\/sites\/7\/2020\/04\/une-du-20-4-2020.jpg?w=383&amp;ssl=1 383w, https:\/\/i0.wp.com\/www.sidwaya.info\/numerique\/wp-content\/uploads\/sites\/7\/2020\/04\/une-du-20-4-2020.jpg?resize=221%2C300&amp;ssl=1 221w\" sizes=\"auto, (max-width: 383px) 100vw, 383px\" \/><\/div><div class=\"ihc-level-item-bottom\"><div onClick=\"ihcBuyNewLevel('https:\/\/www.sidwaya.info\/numerique\/sidwaya-page-denregistrement\/?lid=5');\" class=\"ihc-level-item-link  ihc-cursor-pointer\">Souscrire<\/div><div class=\"iump-clear\"><\/div><\/div><\/div><\/div><\/div>\n<\/div><\/div><\/div><\/div><\/div><\/div>","protected":false},"excerpt":{"rendered":"<p>Ce contenu est r\u00e9serv\u00e9 aux abonn\u00e9s du site. Veuillez vous connecter ou vous abonner pour acc\u00e9der au contenu<\/p>\n","protected":false},"author":1,"featured_media":0,"parent":0,"menu_order":0,"comment_status":"closed","ping_status":"closed","template":"","meta":{"jetpack_post_was_ever_published":false,"footnotes":""},"class_list":["post-389","page","type-page","status-publish"],"jetpack_sharing_enabled":true,"jetpack_shortlink":"https:\/\/wp.me\/PaqtFq-6h","_links":{"self":[{"href":"https:\/\/www.sidwaya.info\/numerique\/wp-json\/wp\/v2\/pages\/389","targetHints":{"allow":["GET"]}}],"collection":[{"href":"https:\/\/www.sidwaya.info\/numerique\/wp-json\/wp\/v2\/pages"}],"about":[{"href":"https:\/\/www.sidwaya.info\/numerique\/wp-json\/wp\/v2\/types\/page"}],"author":[{"embeddable":true,"href":"https:\/\/www.sidwaya.info\/numerique\/wp-json\/wp\/v2\/users\/1"}],"replies":[{"embeddable":true,"href":"https:\/\/www.sidwaya.info\/numerique\/wp-json\/wp\/v2\/comments?post=389"}],"version-history":[{"count":0,"href":"https:\/\/www.sidwaya.info\/numerique\/wp-json\/wp\/v2\/pages\/389\/revisions"}],"wp:attachment":[{"href":"https:\/\/www.sidwaya.info\/numerique\/wp-json\/wp\/v2\/media?parent=389"}],"curies":[{"name":"wp","href":"https:\/\/api.w.org\/{rel}","templated":true}]}}