{"id":34,"date":"2018-10-01T16:20:37","date_gmt":"2018-10-01T14:20:37","guid":{"rendered":"http:\/\/td_uid_1_5bb22d3559d16"},"modified":"2018-10-01T16:20:37","modified_gmt":"2018-10-01T14:20:37","slug":"contact","status":"publish","type":"page","link":"https:\/\/www.sidwaya.info\/sport\/contact\/","title":{"rendered":"Contact"},"content":{"rendered":"<div id=\"tdi_1\" class=\"tdc-row\"><div class=\"vc_row tdi_2  wpb_row td-pb-row\" >\n<style scoped>\n\/* custom css - generated by TagDiv Composer *\/\n\n\/* custom css - generated by TagDiv Composer *\/\n.tdi_2,\r\n                .tdi_2 .tdc-columns{\r\n                    min-height: 0;\r\n                }.tdi_2,\r\n\t\t\t\t.tdi_2 .tdc-columns{\r\n\t\t\t\t    display: block;\r\n\t\t\t\t}.tdi_2 .tdc-columns{\r\n\t\t\t\t    width: 100%;\r\n\t\t\t\t}.tdi_2:before,\r\n\t\t\t\t.tdi_2:after{\r\n\t\t\t\t    display: table;\r\n\t\t\t\t}\n\/* inline tdc_css att - generated by TagDiv Composer *\/\n\n.tdi_2{\nborder-color:#e6e6e6 !important;\nborder-style:solid !important;\nborder-width: 1px 0px 0px 0px !important;\n}\n\n.tdi_2 .td_block_wrap{ text-align:left }\n\n<\/style><div class=\"vc_column tdi_4  wpb_column vc_column_container tdc-column td-pb-span8\">\n<style scoped>\n\/* custom css - generated by TagDiv Composer *\/\n\n\/* custom css - generated by TagDiv Composer *\/\n.tdi_4{\r\n                    vertical-align: baseline;\r\n                }.tdi_4 > .wpb_wrapper,\r\n\t\t\t\t.tdi_4 > .wpb_wrapper > .tdc-elements{\r\n\t\t\t\t    display: block;\r\n\t\t\t\t}.tdi_4 > .wpb_wrapper > .tdc-elements{\r\n\t\t\t\t    width: 100%;\r\n\t\t\t\t}.tdi_4 > .wpb_wrapper > .vc_row_inner{\r\n\t\t\t\t    width: auto;\r\n\t\t\t\t}.tdi_4 > .wpb_wrapper{\r\n\t\t\t\t    width: auto;\r\n\t\t\t\t    height: auto;\r\n\t\t\t\t}\n<\/style><div class=\"wpb_wrapper\" ><div class=\"wpb_wrapper wpb_text_column td_block_wrap td_block_wrap vc_column_text tdi_5  tagdiv-type td_block_template_1\"  data-td-block-uid=\"tdi_5\" >\n<style>\n\/* custom css - generated by TagDiv Composer *\/\n.vc_column_text > .td-element-style{\r\n\t\t\t\t\tz-index: -1;\r\n\t\t\t\t}\n<\/style><div class=\"td-fix-index\"><p>You are a part of the Rebel Alliance and a traitor so what do you think of her Han. But with the blast shield down even see! How am I supposed to fight need your help Luke. She needs your help getting too old for this sort of thing.<\/p>\n<p>Act so surprised your highness. You mercy mission this time several transmissions were beamed to this ship by Rebel spies.<\/p>\n<ul>\n<li>You mean it controls your actions?<\/li>\n<li>But with the blast shield down can even see! How am I supposed to fight?<\/li>\n<li>I get involved got work to do not that I like the Empire<\/li>\n<li>But nothing can do about it right now such a long way from here.<\/li>\n<\/ul>\n<\/div><\/div><div class=\"vc_row_inner tdi_7  vc_row vc_inner wpb_row td-pb-row\" >\n<style scoped>\n\/* custom css - generated by TagDiv Composer *\/\n\n\/* custom css - generated by TagDiv Composer *\/\n.tdi_7{\r\n                    position: relative !important;\r\n                    top: 0;\r\n                    transform: none;\r\n                    -webkit-transform: none;\r\n                }.tdi_7,\r\n\t\t\t\t.tdi_7 .tdc-inner-columns{\r\n\t\t\t\t    display: block;\r\n\t\t\t\t}.tdi_7 .tdc-inner-columns{\r\n\t\t\t\t    width: 100%;\r\n\t\t\t\t}\n<\/style><div class=\"vc_column_inner tdi_9  wpb_column vc_column_container tdc-inner-column td-pb-span6\">\n<style scoped>\n\/* custom css - generated by TagDiv Composer *\/\n\n\/* custom css - generated by TagDiv Composer *\/\n.tdi_9{\r\n                    vertical-align: baseline;\r\n                }.tdi_9 .vc_column-inner > .wpb_wrapper,\r\n\t\t\t\t.tdi_9 .vc_column-inner > .wpb_wrapper .tdc-elements{\r\n\t\t\t\t    display: block;\r\n\t\t\t\t}.tdi_9 .vc_column-inner > .wpb_wrapper .tdc-elements{\r\n\t\t\t\t    width: 100%;\r\n\t\t\t\t}\n<\/style><div class=\"vc_column-inner\"><div class=\"wpb_wrapper\" ><div class=\"td_block_wrap td_block_text_with_title tdi_10 tagdiv-type td-pb-border-top td_block_template_1\"  data-td-block-uid=\"tdi_10\" >\n<style>\n\/* custom css - generated by TagDiv Composer *\/\n.td_block_text_with_title{\r\n                  margin-bottom: 44px;\r\n                  -webkit-transform: translateZ(0);\r\n                  transform: translateZ(0);\r\n                }.td_block_text_with_title p:last-child{\r\n                  margin-bottom: 0;\r\n                }\n<\/style><div class=\"td-block-title-wrap\"><h4 class=\"block-title td-block-title\"><span class=\"td-pulldown-size\">Contact Details<\/span><\/h4><\/div><div class=\"td_mod_wrap td-fix-index\"><p><strong>Newspaper Communication Service<\/strong><br \/>\n<br \/>123 California St. Doargo<\/p>\n<p>(650) 123-2558 (main number)<br \/>\n<br \/>(650) 123-0247 (fax)<\/p>\n<p>Email: <strong><a href=\"mailto:contact@yoursite.com\" target=\"_blank\" rel=\"noopener\">contact@yoursite.com<\/a><\/strong><\/p>\n<\/div><\/div><\/div><\/div><\/div><div class=\"vc_column_inner tdi_12  wpb_column vc_column_container tdc-inner-column td-pb-span6\">\n<style scoped>\n\/* custom css - generated by TagDiv Composer *\/\n\n\/* custom css - generated by TagDiv Composer *\/\n.tdi_12{\r\n                    vertical-align: baseline;\r\n                }.tdi_12 .vc_column-inner > .wpb_wrapper,\r\n\t\t\t\t.tdi_12 .vc_column-inner > .wpb_wrapper .tdc-elements{\r\n\t\t\t\t    display: block;\r\n\t\t\t\t}.tdi_12 .vc_column-inner > .wpb_wrapper .tdc-elements{\r\n\t\t\t\t    width: 100%;\r\n\t\t\t\t}\n<\/style><div class=\"vc_column-inner\"><div class=\"wpb_wrapper\" ><div class=\"td_block_wrap td_block_text_with_title tdi_13 tagdiv-type td-pb-border-top td_block_template_1\"  data-td-block-uid=\"tdi_13\" ><div class=\"td-block-title-wrap\"><h4 class=\"block-title td-block-title\"><span class=\"td-pulldown-size\">About us<\/span><\/h4><\/div><div class=\"td_mod_wrap td-fix-index\"><p><strong>Newspaper<\/strong> is your news entertainment music fashion website. We provide you the latest breaking news and videos straight from entertainment industry world.<\/p>\n<\/div><\/div><\/div><\/div><\/div><\/div><div class=\"vc_row_inner tdi_15  vc_row vc_inner wpb_row td-pb-row\" >\n<style scoped>\n\/* custom css - generated by TagDiv Composer *\/\n\n\/* custom css - generated by TagDiv Composer *\/\n.tdi_15{\r\n                    position: relative !important;\r\n                    top: 0;\r\n                    transform: none;\r\n                    -webkit-transform: none;\r\n                }.tdi_15,\r\n\t\t\t\t.tdi_15 .tdc-inner-columns{\r\n\t\t\t\t    display: block;\r\n\t\t\t\t}.tdi_15 .tdc-inner-columns{\r\n\t\t\t\t    width: 100%;\r\n\t\t\t\t}\n<\/style><div class=\"vc_column_inner tdi_17  wpb_column vc_column_container tdc-inner-column td-pb-span12\">\n<style scoped>\n\/* custom css - generated by TagDiv Composer *\/\n\n\/* custom css - generated by TagDiv Composer *\/\n.tdi_17{\r\n                    vertical-align: baseline;\r\n                }.tdi_17 .vc_column-inner > .wpb_wrapper,\r\n\t\t\t\t.tdi_17 .vc_column-inner > .wpb_wrapper .tdc-elements{\r\n\t\t\t\t    display: block;\r\n\t\t\t\t}.tdi_17 .vc_column-inner > .wpb_wrapper .tdc-elements{\r\n\t\t\t\t    width: 100%;\r\n\t\t\t\t}\n<\/style><div class=\"vc_column-inner\"><div class=\"wpb_wrapper\" ><div class=\"td_block_wrap td_block_text_with_title tdi_18 tagdiv-type td-pb-border-top td_block_template_1\"  data-td-block-uid=\"tdi_18\" ><div class=\"td-block-title-wrap\"><h4 class=\"block-title td-block-title\"><span class=\"td-pulldown-size\">Send us a message!<\/span><\/h4><\/div><div class=\"td_mod_wrap td-fix-index\"><p>Install Contact Form 7 Plugin and replace this text block with your contact form shortcode.<\/p>\n<\/div><\/div><\/div><\/div><\/div><\/div><\/div><\/div><div class=\"vc_column tdi_20  wpb_column vc_column_container tdc-column td-pb-span4\">\n<style scoped>\n\/* custom css - generated by TagDiv Composer *\/\n\n\/* custom css - generated by TagDiv Composer *\/\n.tdi_20{\r\n                    vertical-align: baseline;\r\n                }.tdi_20 > .wpb_wrapper,\r\n\t\t\t\t.tdi_20 > .wpb_wrapper > .tdc-elements{\r\n\t\t\t\t    display: block;\r\n\t\t\t\t}.tdi_20 > .wpb_wrapper > .tdc-elements{\r\n\t\t\t\t    width: 100%;\r\n\t\t\t\t}.tdi_20 > .wpb_wrapper > .vc_row_inner{\r\n\t\t\t\t    width: auto;\r\n\t\t\t\t}.tdi_20 > .wpb_wrapper{\r\n\t\t\t\t    width: auto;\r\n\t\t\t\t    height: auto;\r\n\t\t\t\t}\n<\/style><div class=\"wpb_wrapper\" ><div class=\"td_block_wrap td_block_2 tdi_21 td_block_template_1 td-column-1 td_block_padding\"  data-td-block-uid=\"tdi_21\" ><script>var block_tdi_21 = new tdBlock();\nblock_tdi_21.id = \"tdi_21\";\nblock_tdi_21.atts = '{\"limit\":\"3\",\"custom_title\":\"LATEST POSTS\",\"td_filter_default_txt\":\"All\",\"border_top\":\"no_border_top\",\"block_type\":\"td_block_2\",\"separator\":\"\",\"custom_url\":\"\",\"block_template_id\":\"\",\"m2_tl\":\"\",\"m2_el\":\"\",\"m6_tl\":\"\",\"post_ids\":\"\",\"category_id\":\"\",\"taxonomies\":\"\",\"category_ids\":\"\",\"in_all_terms\":\"\",\"tag_slug\":\"\",\"autors_id\":\"\",\"installed_post_types\":\"\",\"include_cf_posts\":\"\",\"exclude_cf_posts\":\"\",\"sort\":\"\",\"popular_by_date\":\"\",\"linked_posts\":\"\",\"favourite_only\":\"\",\"offset\":\"\",\"open_in_new_window\":\"\",\"show_modified_date\":\"\",\"time_ago\":\"\",\"time_ago_add_txt\":\"ago\",\"time_ago_txt_pos\":\"\",\"review_source\":\"\",\"el_class\":\"\",\"td_ajax_filter_type\":\"\",\"td_ajax_filter_ids\":\"\",\"td_ajax_preloading\":\"\",\"f_header_font_header\":\"\",\"f_header_font_title\":\"Block header\",\"f_header_font_settings\":\"\",\"f_header_font_family\":\"\",\"f_header_font_size\":\"\",\"f_header_font_line_height\":\"\",\"f_header_font_style\":\"\",\"f_header_font_weight\":\"\",\"f_header_font_transform\":\"\",\"f_header_font_spacing\":\"\",\"f_header_\":\"\",\"f_ajax_font_title\":\"Ajax categories\",\"f_ajax_font_settings\":\"\",\"f_ajax_font_family\":\"\",\"f_ajax_font_size\":\"\",\"f_ajax_font_line_height\":\"\",\"f_ajax_font_style\":\"\",\"f_ajax_font_weight\":\"\",\"f_ajax_font_transform\":\"\",\"f_ajax_font_spacing\":\"\",\"f_ajax_\":\"\",\"f_more_font_title\":\"Load more button\",\"f_more_font_settings\":\"\",\"f_more_font_family\":\"\",\"f_more_font_size\":\"\",\"f_more_font_line_height\":\"\",\"f_more_font_style\":\"\",\"f_more_font_weight\":\"\",\"f_more_font_transform\":\"\",\"f_more_font_spacing\":\"\",\"f_more_\":\"\",\"m2f_title_font_header\":\"\",\"m2f_title_font_title\":\"Article title\",\"m2f_title_font_settings\":\"\",\"m2f_title_font_family\":\"\",\"m2f_title_font_size\":\"\",\"m2f_title_font_line_height\":\"\",\"m2f_title_font_style\":\"\",\"m2f_title_font_weight\":\"\",\"m2f_title_font_transform\":\"\",\"m2f_title_font_spacing\":\"\",\"m2f_title_\":\"\",\"m2f_cat_font_title\":\"Article category tag\",\"m2f_cat_font_settings\":\"\",\"m2f_cat_font_family\":\"\",\"m2f_cat_font_size\":\"\",\"m2f_cat_font_line_height\":\"\",\"m2f_cat_font_style\":\"\",\"m2f_cat_font_weight\":\"\",\"m2f_cat_font_transform\":\"\",\"m2f_cat_font_spacing\":\"\",\"m2f_cat_\":\"\",\"m2f_meta_font_title\":\"Article meta info\",\"m2f_meta_font_settings\":\"\",\"m2f_meta_font_family\":\"\",\"m2f_meta_font_size\":\"\",\"m2f_meta_font_line_height\":\"\",\"m2f_meta_font_style\":\"\",\"m2f_meta_font_weight\":\"\",\"m2f_meta_font_transform\":\"\",\"m2f_meta_font_spacing\":\"\",\"m2f_meta_\":\"\",\"m2f_ex_font_title\":\"Article excerpt\",\"m2f_ex_font_settings\":\"\",\"m2f_ex_font_family\":\"\",\"m2f_ex_font_size\":\"\",\"m2f_ex_font_line_height\":\"\",\"m2f_ex_font_style\":\"\",\"m2f_ex_font_weight\":\"\",\"m2f_ex_font_transform\":\"\",\"m2f_ex_font_spacing\":\"\",\"m2f_ex_\":\"\",\"m6f_title_font_header\":\"\",\"m6f_title_font_title\":\"Article title\",\"m6f_title_font_settings\":\"\",\"m6f_title_font_family\":\"\",\"m6f_title_font_size\":\"\",\"m6f_title_font_line_height\":\"\",\"m6f_title_font_style\":\"\",\"m6f_title_font_weight\":\"\",\"m6f_title_font_transform\":\"\",\"m6f_title_font_spacing\":\"\",\"m6f_title_\":\"\",\"m6f_cat_font_title\":\"Article category tag\",\"m6f_cat_font_settings\":\"\",\"m6f_cat_font_family\":\"\",\"m6f_cat_font_size\":\"\",\"m6f_cat_font_line_height\":\"\",\"m6f_cat_font_style\":\"\",\"m6f_cat_font_weight\":\"\",\"m6f_cat_font_transform\":\"\",\"m6f_cat_font_spacing\":\"\",\"m6f_cat_\":\"\",\"m6f_meta_font_title\":\"Article meta info\",\"m6f_meta_font_settings\":\"\",\"m6f_meta_font_family\":\"\",\"m6f_meta_font_size\":\"\",\"m6f_meta_font_line_height\":\"\",\"m6f_meta_font_style\":\"\",\"m6f_meta_font_weight\":\"\",\"m6f_meta_font_transform\":\"\",\"m6f_meta_font_spacing\":\"\",\"m6f_meta_\":\"\",\"ajax_pagination\":\"\",\"ajax_pagination_next_prev_swipe\":\"\",\"ajax_pagination_infinite_stop\":\"\",\"css\":\"\",\"tdc_css\":\"\",\"td_column_number\":1,\"header_color\":\"\",\"color_preset\":\"\",\"class\":\"tdi_21\",\"tdc_css_class\":\"tdi_21\",\"tdc_css_class_style\":\"tdi_21_rand_style\"}';\nblock_tdi_21.td_column_number = \"1\";\nblock_tdi_21.block_type = \"td_block_2\";\nblock_tdi_21.post_count = \"3\";\nblock_tdi_21.found_posts = \"1473\";\nblock_tdi_21.header_color = \"\";\nblock_tdi_21.ajax_pagination_infinite_stop = \"\";\nblock_tdi_21.max_num_pages = \"491\";\ntdBlocksArray.push(block_tdi_21);\n<\/script><div class=\"td-block-title-wrap\"><h4 class=\"block-title td-block-title\"><span class=\"td-pulldown-size\">LATEST POSTS<\/span><\/h4><\/div><div id=tdi_21 class=\"td_block_inner\">\n\n\t<div class=\"td-block-span12\">\n\r\n        <div class=\"td_module_2 td_module_wrap td-animation-stack\">\r\n            <div class=\"td-module-image\">\r\n                <div class=\"td-module-thumb\"><a href=\"https:\/\/www.sidwaya.info\/sport\/2026\/04\/28\/hilel-konate-et-troyes-en-ligue-1\/\"  rel=\"bookmark\" class=\"td-image-wrap \" title=\"Hilel Konat\u00e9 et Troyes en Ligue 1\" ><img loading=\"lazy\" decoding=\"async\" width=\"324\" height=\"160\" class=\"entry-thumb\" src=\"https:\/\/www.sidwaya.info\/sport\/wp-content\/uploads\/sites\/6\/2026\/04\/Hillel-324x160.jpg\"  srcset=\"https:\/\/www.sidwaya.info\/sport\/wp-content\/uploads\/sites\/6\/2026\/04\/Hillel-324x160.jpg 324w, https:\/\/www.sidwaya.info\/sport\/wp-content\/uploads\/sites\/6\/2026\/04\/Hillel-533x261.jpg 533w\" sizes=\"auto, (max-width: 324px) 100vw, 324px\"  alt=\"\" title=\"Hilel Konat\u00e9 et Troyes en Ligue 1\" \/><\/a><\/div>                            <\/div>\r\n            <h3 class=\"entry-title td-module-title\"><a href=\"https:\/\/www.sidwaya.info\/sport\/2026\/04\/28\/hilel-konate-et-troyes-en-ligue-1\/\"  rel=\"bookmark\" title=\"Hilel Konat\u00e9 et Troyes en Ligue 1\">Hilel Konat\u00e9 et Troyes en Ligue 1<\/a><\/h3>\r\n\r\n            <div class=\"td-module-meta-info\">\r\n                <span class=\"td-post-author-name\"><a href=\"https:\/\/www.sidwaya.info\/sport\/author\/jmkoumbem\/\">JK. Sidwaya<\/a> <span>-<\/span> <\/span>                <span class=\"td-post-date\"><time class=\"entry-date updated td-module-date\" datetime=\"2026-04-28T00:23:59+00:00\" >28 avril 2026<\/time><\/span>                            <\/div>\r\n\r\n\r\n            <div class=\"td-excerpt\">\r\n                Certes, bon nombre de footballeurs burkinab\u00e8 ont b\u00e9n\u00e9fici\u00e9 de temps de jeu. Mais, la bonne nouvelle est l\u2019accession dans le championnat d\u2019\u00e9lite fran\u00e7ais de...            <\/div>\r\n\r\n            \r\n        <\/div>\r\n\r\n        \n\t<\/div> <!-- .\/td-block-span12 -->\n\n\t<div class=\"td-block-span12\">\n\r\n        <div class=\"td_module_6 td_module_wrap td-animation-stack\">\r\n\r\n        <div class=\"td-module-thumb\"><a href=\"https:\/\/www.sidwaya.info\/sport\/2026\/04\/28\/martinien-ouedraogo-ancien-societaire-de-luso-en-belgique-en-football-il-y-a-des-etapes-a-ne-pas-bruler\/\"  rel=\"bookmark\" class=\"td-image-wrap \" title=\"Martinien Ou\u00e9draogo, ancien soci\u00e9taire de l\u2019USO en Belgique: \u00ab En football, il y a des \u00e9tapes \u00e0 ne pas bruler \u00bb\" ><img loading=\"lazy\" decoding=\"async\" width=\"100\" height=\"70\" class=\"entry-thumb\" src=\"https:\/\/www.sidwaya.info\/sport\/wp-content\/uploads\/sites\/6\/2026\/04\/Martinien-Ouedraogo1-100x70.jpg\"  srcset=\"https:\/\/www.sidwaya.info\/sport\/wp-content\/uploads\/sites\/6\/2026\/04\/Martinien-Ouedraogo1-100x70.jpg 100w, https:\/\/www.sidwaya.info\/sport\/wp-content\/uploads\/sites\/6\/2026\/04\/Martinien-Ouedraogo1-218x150.jpg 218w\" sizes=\"auto, (max-width: 100px) 100vw, 100px\"  alt=\"\" title=\"Martinien Ou\u00e9draogo, ancien soci\u00e9taire de l\u2019USO en Belgique: \u00ab En football, il y a des \u00e9tapes \u00e0 ne pas bruler \u00bb\" \/><\/a><\/div>\r\n        <div class=\"item-details\">\r\n            <h3 class=\"entry-title td-module-title\"><a href=\"https:\/\/www.sidwaya.info\/sport\/2026\/04\/28\/martinien-ouedraogo-ancien-societaire-de-luso-en-belgique-en-football-il-y-a-des-etapes-a-ne-pas-bruler\/\"  rel=\"bookmark\" title=\"Martinien Ou\u00e9draogo, ancien soci\u00e9taire de l\u2019USO en Belgique: \u00ab En football, il y a des \u00e9tapes \u00e0 ne pas bruler \u00bb\">Martinien Ou\u00e9draogo, ancien soci\u00e9taire de l\u2019USO en Belgique: \u00ab En football,...<\/a><\/h3>            <div class=\"td-module-meta-info\">\r\n                                                <span class=\"td-post-date\"><time class=\"entry-date updated td-module-date\" datetime=\"2026-04-28T00:21:12+00:00\" >28 avril 2026<\/time><\/span>                            <\/div>\r\n        <\/div>\r\n\r\n        <\/div>\r\n\r\n        \n\t<\/div> <!-- .\/td-block-span12 -->\n\n\t<div class=\"td-block-span12\">\n\r\n        <div class=\"td_module_6 td_module_wrap td-animation-stack\">\r\n\r\n        <div class=\"td-module-thumb\"><a href=\"https:\/\/www.sidwaya.info\/sport\/2026\/04\/21\/ali-vital-ouedraogo-un-itineraire-sportif-atypique\/\"  rel=\"bookmark\" class=\"td-image-wrap \" title=\"Ali Vital Ou\u00e9draogo: un itin\u00e9raire sportif atypique\" ><img loading=\"lazy\" decoding=\"async\" width=\"100\" height=\"70\" class=\"entry-thumb\" src=\"https:\/\/www.sidwaya.info\/sport\/wp-content\/uploads\/sites\/6\/2026\/04\/PH1-100x70.jpg\"  srcset=\"https:\/\/www.sidwaya.info\/sport\/wp-content\/uploads\/sites\/6\/2026\/04\/PH1-100x70.jpg 100w, https:\/\/www.sidwaya.info\/sport\/wp-content\/uploads\/sites\/6\/2026\/04\/PH1-218x150.jpg 218w\" sizes=\"auto, (max-width: 100px) 100vw, 100px\"  alt=\"\" title=\"Ali Vital Ou\u00e9draogo: un itin\u00e9raire sportif atypique\" \/><\/a><\/div>\r\n        <div class=\"item-details\">\r\n            <h3 class=\"entry-title td-module-title\"><a href=\"https:\/\/www.sidwaya.info\/sport\/2026\/04\/21\/ali-vital-ouedraogo-un-itineraire-sportif-atypique\/\"  rel=\"bookmark\" title=\"Ali Vital Ou\u00e9draogo: un itin\u00e9raire sportif atypique\">Ali Vital Ou\u00e9draogo: un itin\u00e9raire sportif atypique<\/a><\/h3>            <div class=\"td-module-meta-info\">\r\n                                                <span class=\"td-post-date\"><time class=\"entry-date updated td-module-date\" datetime=\"2026-04-21T00:56:00+00:00\" >21 avril 2026<\/time><\/span>                            <\/div>\r\n        <\/div>\r\n\r\n        <\/div>\r\n\r\n        \n\t<\/div> <!-- .\/td-block-span12 --><\/div><\/div> <!-- .\/block --><\/div><\/div><\/div><\/div>","protected":false},"excerpt":{"rendered":"","protected":false},"author":1,"featured_media":0,"parent":0,"menu_order":0,"comment_status":"open","ping_status":"closed","template":"page-pagebuilder-title.php","meta":{"jetpack_post_was_ever_published":false,"footnotes":""},"class_list":["post-34","page","type-page","status-publish"],"jetpack_sharing_enabled":true,"jetpack_shortlink":"https:\/\/wp.me\/PamO1T-y","jetpack_likes_enabled":true,"_links":{"self":[{"href":"https:\/\/www.sidwaya.info\/sport\/wp-json\/wp\/v2\/pages\/34","targetHints":{"allow":["GET"]}}],"collection":[{"href":"https:\/\/www.sidwaya.info\/sport\/wp-json\/wp\/v2\/pages"}],"about":[{"href":"https:\/\/www.sidwaya.info\/sport\/wp-json\/wp\/v2\/types\/page"}],"author":[{"embeddable":true,"href":"https:\/\/www.sidwaya.info\/sport\/wp-json\/wp\/v2\/users\/1"}],"replies":[{"embeddable":true,"href":"https:\/\/www.sidwaya.info\/sport\/wp-json\/wp\/v2\/comments?post=34"}],"version-history":[{"count":0,"href":"https:\/\/www.sidwaya.info\/sport\/wp-json\/wp\/v2\/pages\/34\/revisions"}],"wp:attachment":[{"href":"https:\/\/www.sidwaya.info\/sport\/wp-json\/wp\/v2\/media?parent=34"}],"curies":[{"name":"wp","href":"https:\/\/api.w.org\/{rel}","templated":true}]}}